{"id":866,"date":"2026-01-28T16:43:36","date_gmt":"2026-01-28T15:43:36","guid":{"rendered":"http:\/\/alumno04.shopenlaces.com.es\/alumno04wp\/?page_id=866"},"modified":"2026-02-02T16:39:36","modified_gmt":"2026-02-02T15:39:36","slug":"bota-adidas-f50-elite-ll-ag","status":"publish","type":"page","link":"http:\/\/alumno04.shopenlaces.com.es\/alumno04wp\/?page_id=866","title":{"rendered":"BOTA ADIDAS F50 ELITE LL AG"},"content":{"rendered":"\n<figure class=\"wp-block-image size-full is-resized\" data-block-type=\"core\"><img loading=\"lazy\" decoding=\"async\" width=\"500\" height=\"500\" src=\"http:\/\/alumno04.shopenlaces.com.es\/alumno04wp\/wp-content\/uploads\/2026\/01\/image-removebg-preview-14.png\" alt=\"\" class=\"wp-image-869\" style=\"width:419px;height:auto\" srcset=\"http:\/\/alumno04.shopenlaces.com.es\/alumno04wp\/wp-content\/uploads\/2026\/01\/image-removebg-preview-14.png 500w, http:\/\/alumno04.shopenlaces.com.es\/alumno04wp\/wp-content\/uploads\/2026\/01\/image-removebg-preview-14-300x300.png 300w, http:\/\/alumno04.shopenlaces.com.es\/alumno04wp\/wp-content\/uploads\/2026\/01\/image-removebg-preview-14-150x150.png 150w, http:\/\/alumno04.shopenlaces.com.es\/alumno04wp\/wp-content\/uploads\/2026\/01\/image-removebg-preview-14-100x100.png 100w\" sizes=\"auto, (max-width: 500px) 100vw, 500px\" \/><\/figure>\n\n\n\n<div class=\"wp-block-stackable-text stk-block-text stk-block stk-ed72abb\" data-block-id=\"ed72abb\"><p class=\"stk-block-text__text\">Botas de gama alta con un empeine con tecnolog\u00eda HybridTouch 2.0. para optimizar el magnetismo con el bal\u00f3n estructura sin cordones para un golpeo de bal\u00f3n exquisito con el empeine. Tambi\u00e9n incluye un panel alrededor del tobillo compuesto de tejido adidas PRIMEKNIT que aporta ajuste y sujeci\u00f3n. La suela especial para utilizar en c\u00e9sped artificial, que evita los resbalones y proporciona un control de bal\u00f3n inigualable que te encantar\u00e1<\/p><\/div>\n","protected":false},"excerpt":{"rendered":"<p>Botas de gama alta con un empeine con tecnolog\u00eda HybridTouch 2.0. para optimizar el magnetismo con el bal\u00f3n estructura sin cordones para un golpeo de bal\u00f3n exquisito con el empeine. Tambi\u00e9n incluye un panel alrededor del tobillo compuesto de tejido adidas PRIMEKNIT que aporta ajuste y sujeci\u00f3n. La suela especial para utilizar en c\u00e9sped artificial, [&hellip;]<\/p>\n","protected":false},"author":1,"featured_media":0,"parent":0,"menu_order":0,"comment_status":"closed","ping_status":"closed","template":"","meta":{"footnotes":""},"class_list":["post-866","page","type-page","status-publish","hentry"],"blocksy_meta":[],"_links":{"self":[{"href":"http:\/\/alumno04.shopenlaces.com.es\/alumno04wp\/index.php?rest_route=\/wp\/v2\/pages\/866","targetHints":{"allow":["GET"]}}],"collection":[{"href":"http:\/\/alumno04.shopenlaces.com.es\/alumno04wp\/index.php?rest_route=\/wp\/v2\/pages"}],"about":[{"href":"http:\/\/alumno04.shopenlaces.com.es\/alumno04wp\/index.php?rest_route=\/wp\/v2\/types\/page"}],"author":[{"embeddable":true,"href":"http:\/\/alumno04.shopenlaces.com.es\/alumno04wp\/index.php?rest_route=\/wp\/v2\/users\/1"}],"replies":[{"embeddable":true,"href":"http:\/\/alumno04.shopenlaces.com.es\/alumno04wp\/index.php?rest_route=%2Fwp%2Fv2%2Fcomments&post=866"}],"version-history":[{"count":3,"href":"http:\/\/alumno04.shopenlaces.com.es\/alumno04wp\/index.php?rest_route=\/wp\/v2\/pages\/866\/revisions"}],"predecessor-version":[{"id":904,"href":"http:\/\/alumno04.shopenlaces.com.es\/alumno04wp\/index.php?rest_route=\/wp\/v2\/pages\/866\/revisions\/904"}],"wp:attachment":[{"href":"http:\/\/alumno04.shopenlaces.com.es\/alumno04wp\/index.php?rest_route=%2Fwp%2Fv2%2Fmedia&parent=866"}],"curies":[{"name":"wp","href":"https:\/\/api.w.org\/{rel}","templated":true}]}}