{"id":921,"date":"2026-02-09T16:42:13","date_gmt":"2026-02-09T15:42:13","guid":{"rendered":"http:\/\/alumno04.shopenlaces.com.es\/alumno04wp\/?page_id=921"},"modified":"2026-02-09T16:42:13","modified_gmt":"2026-02-09T15:42:13","slug":"balon-adidas-champions-league-2025-2026","status":"publish","type":"page","link":"http:\/\/alumno04.shopenlaces.com.es\/alumno04wp\/?page_id=921","title":{"rendered":"BAL\u00d3N ADIDAS CHAMPIONS LEAGUE 2025-2026"},"content":{"rendered":"\n<p class=\"has-text-align-center\" data-block-type=\"core\"><a href=\"http:\/\/alumno04.shopenlaces.com.es\/alumno04wp\/?page_id=861\"><\/a><\/p>\n\n\n\n<p class=\"has-text-align-center\" data-block-type=\"core\"> <\/p>\n\n\n\n<div class=\"wp-block-stackable-carousel stk-block-carousel stk--is-slide stk--arrows-justify-space-between stk--arrows-align-center stk-block stk-0335188\" data-slides-to-show=\"\" data-block-id=\"0335188\"><div class=\"stk-block-carousel__content-wrapper\"><div class=\"stk-row stk-inner-blocks stk-block-content stk-block-carousel__slider-wrapper stk-content-align stk-0335188-column\"><div class=\"stk-block-carousel__slider\" role=\"list\" data-autoplay=\"4000\" data-label-slide-of=\"Slide %%d of %%d\" tabindex=\"0\">\n<div class=\"wp-block-stackable-column stk-block-column stk-column stk-block stk-f136cdc\" data-v=\"4\" data-block-id=\"f136cdc\"><div class=\"stk-column-wrapper stk-block-column__content stk-container stk-f136cdc-container stk--no-background stk--no-padding\"><div class=\"stk-block-content stk-inner-blocks stk-f136cdc-inner-blocks\">\n<figure class=\"wp-block-image aligncenter size-full\" data-block-type=\"core\"><img loading=\"lazy\" decoding=\"async\" width=\"412\" height=\"344\" src=\"http:\/\/alumno04.shopenlaces.com.es\/alumno04wp\/wp-content\/uploads\/2026\/02\/image-removebg-preview__3_-removebg-preview.png\" alt=\"\" class=\"wp-image-922\" srcset=\"http:\/\/alumno04.shopenlaces.com.es\/alumno04wp\/wp-content\/uploads\/2026\/02\/image-removebg-preview__3_-removebg-preview.png 412w, http:\/\/alumno04.shopenlaces.com.es\/alumno04wp\/wp-content\/uploads\/2026\/02\/image-removebg-preview__3_-removebg-preview-300x250.png 300w\" sizes=\"auto, (max-width: 412px) 100vw, 412px\" \/><\/figure>\n<\/div><\/div><\/div>\n\n\n\n<div class=\"wp-block-stackable-column stk-block-column stk-column stk-block stk-6e5e0af\" data-v=\"4\" data-block-id=\"6e5e0af\"><div class=\"stk-column-wrapper stk-block-column__content stk-container stk-6e5e0af-container stk--no-background stk--no-padding\"><div class=\"stk-block-content stk-inner-blocks stk-6e5e0af-inner-blocks\">\n<figure class=\"wp-block-image aligncenter size-full is-resized\" data-block-type=\"core\"><img loading=\"lazy\" decoding=\"async\" width=\"733\" height=\"723\" src=\"http:\/\/alumno04.shopenlaces.com.es\/alumno04wp\/wp-content\/uploads\/2026\/02\/image-7.png\" alt=\"\" class=\"wp-image-923\" style=\"width:504px;height:auto\" srcset=\"http:\/\/alumno04.shopenlaces.com.es\/alumno04wp\/wp-content\/uploads\/2026\/02\/image-7.png 733w, http:\/\/alumno04.shopenlaces.com.es\/alumno04wp\/wp-content\/uploads\/2026\/02\/image-7-300x296.png 300w, http:\/\/alumno04.shopenlaces.com.es\/alumno04wp\/wp-content\/uploads\/2026\/02\/image-7-500x493.png 500w, http:\/\/alumno04.shopenlaces.com.es\/alumno04wp\/wp-content\/uploads\/2026\/02\/image-7-600x592.png 600w, http:\/\/alumno04.shopenlaces.com.es\/alumno04wp\/wp-content\/uploads\/2026\/02\/image-7-100x100.png 100w\" sizes=\"auto, (max-width: 733px) 100vw, 733px\" \/><\/figure>\n<\/div><\/div><\/div>\n\n\n\n<div class=\"wp-block-stackable-column stk-block-column stk-column stk-block stk-8a76cb3\" data-v=\"4\" data-block-id=\"8a76cb3\"><div class=\"stk-column-wrapper stk-block-column__content stk-container stk-8a76cb3-container stk--no-background stk--no-padding\"><div class=\"stk-block-content stk-inner-blocks stk-8a76cb3-inner-blocks\">\n<figure class=\"wp-block-image aligncenter size-full is-resized\" data-block-type=\"core\"><img loading=\"lazy\" decoding=\"async\" width=\"547\" height=\"456\" src=\"http:\/\/alumno04.shopenlaces.com.es\/alumno04wp\/wp-content\/uploads\/2026\/02\/image-removebg-preview-20.png\" alt=\"\" class=\"wp-image-924\" style=\"aspect-ratio:1.1996155078500481;width:461px;height:auto\" srcset=\"http:\/\/alumno04.shopenlaces.com.es\/alumno04wp\/wp-content\/uploads\/2026\/02\/image-removebg-preview-20.png 547w, http:\/\/alumno04.shopenlaces.com.es\/alumno04wp\/wp-content\/uploads\/2026\/02\/image-removebg-preview-20-300x250.png 300w, http:\/\/alumno04.shopenlaces.com.es\/alumno04wp\/wp-content\/uploads\/2026\/02\/image-removebg-preview-20-500x417.png 500w\" sizes=\"auto, (max-width: 547px) 100vw, 547px\" \/><\/figure>\n<\/div><\/div><\/div>\n<\/div><div class=\"stk-block-carousel__buttons\"><button class=\"stk-block-carousel__button stk-block-carousel__button__prev\" aria-label=\"Previous slide\"><svg aria-hidden=\"true\" focusable=\"false\" data-prefix=\"fas\" data-icon=\"chevron-left\" class=\"svg-inline--fa fa-chevron-left\" xmlns=\"http:\/\/www.w3.org\/2000\/svg\" viewBox=\"0 0 320 512\" width=\"32\" height=\"32\"><path d=\"M34.52 239.03L228.87 44.69c9.37-9.37 24.57-9.37 33.94 0l22.67 22.67c9.36 9.36 9.37 24.52.04 33.9L131.49 256l154.02 154.75c9.34 9.38 9.32 24.54-.04 33.9l-22.67 22.67c-9.37 9.37-24.57 9.37-33.94 0L34.52 272.97c-9.37-9.37-9.37-24.57 0-33.94z\"><\/path><\/svg><\/button><button class=\"stk-block-carousel__button stk-block-carousel__button__next\" aria-label=\"Next slide\"><svg aria-hidden=\"true\" focusable=\"false\" data-prefix=\"fas\" data-icon=\"chevron-right\" class=\"svg-inline--fa fa-chevron-right\" xmlns=\"http:\/\/www.w3.org\/2000\/svg\" viewBox=\"0 0 320 512\" width=\"32\" height=\"32\"><path d=\"M285.476 272.971L91.132 467.314c-9.373 9.373-24.569 9.373-33.941 0l-22.667-22.667c-9.357-9.357-9.375-24.522-.04-33.901L188.505 256 34.484 101.255c-9.335-9.379-9.317-24.544.04-33.901l22.667-22.667c9.373-9.373 24.569-9.373 33.941 0L285.475 239.03c9.373 9.372 9.373 24.568.001 33.941z\"><\/path><\/svg><\/button><\/div><\/div><div class=\"stk-block-carousel__dots\" role=\"list\" data-label=\"Slide %%d\"><\/div><\/div><\/div>\n\n\n\n<div class=\"wp-block-stackable-text stk-block-text stk-block stk-fd32df0\" data-block-id=\"fd32df0\"><p class=\"stk-block-text__text\">Los mejores equipos de Europa se re\u00fanen bajo las estrellas para decidir su destino futbol\u00edstico. Con un dise\u00f1o atrevido, que incluye dise\u00f1os inspirados en los relojes astron\u00f3micos y los signos del zodiaco, este es el bal\u00f3n para partidos oficiales adidas de la fase de liga 25\/26 de la UEFA Champions League.<\/p><\/div>\n\n\n\n<p data-block-type=\"core\">\u00a0<\/p>\n\n\n\n<p data-block-type=\"core\"><\/p>\n","protected":false},"excerpt":{"rendered":"<p>Los mejores equipos de Europa se re\u00fanen bajo las estrellas para decidir su destino futbol\u00edstico. Con un dise\u00f1o atrevido, que incluye dise\u00f1os inspirados en los relojes astron\u00f3micos y los signos del zodiaco, este es el bal\u00f3n para partidos oficiales adidas de la fase de liga 25\/26 de la UEFA Champions League. \u00a0<\/p>\n","protected":false},"author":1,"featured_media":0,"parent":0,"menu_order":0,"comment_status":"closed","ping_status":"closed","template":"","meta":{"footnotes":""},"class_list":["post-921","page","type-page","status-publish","hentry"],"blocksy_meta":[],"_links":{"self":[{"href":"http:\/\/alumno04.shopenlaces.com.es\/alumno04wp\/index.php?rest_route=\/wp\/v2\/pages\/921","targetHints":{"allow":["GET"]}}],"collection":[{"href":"http:\/\/alumno04.shopenlaces.com.es\/alumno04wp\/index.php?rest_route=\/wp\/v2\/pages"}],"about":[{"href":"http:\/\/alumno04.shopenlaces.com.es\/alumno04wp\/index.php?rest_route=\/wp\/v2\/types\/page"}],"author":[{"embeddable":true,"href":"http:\/\/alumno04.shopenlaces.com.es\/alumno04wp\/index.php?rest_route=\/wp\/v2\/users\/1"}],"replies":[{"embeddable":true,"href":"http:\/\/alumno04.shopenlaces.com.es\/alumno04wp\/index.php?rest_route=%2Fwp%2Fv2%2Fcomments&post=921"}],"version-history":[{"count":1,"href":"http:\/\/alumno04.shopenlaces.com.es\/alumno04wp\/index.php?rest_route=\/wp\/v2\/pages\/921\/revisions"}],"predecessor-version":[{"id":925,"href":"http:\/\/alumno04.shopenlaces.com.es\/alumno04wp\/index.php?rest_route=\/wp\/v2\/pages\/921\/revisions\/925"}],"wp:attachment":[{"href":"http:\/\/alumno04.shopenlaces.com.es\/alumno04wp\/index.php?rest_route=%2Fwp%2Fv2%2Fmedia&parent=921"}],"curies":[{"name":"wp","href":"https:\/\/api.w.org\/{rel}","templated":true}]}}