{"id":929,"date":"2026-02-09T16:57:58","date_gmt":"2026-02-09T15:57:58","guid":{"rendered":"http:\/\/alumno04.shopenlaces.com.es\/alumno04wp\/?page_id=929"},"modified":"2026-02-09T16:57:58","modified_gmt":"2026-02-09T15:57:58","slug":"guantes-adidas-predator-pro-hybrid","status":"publish","type":"page","link":"http:\/\/alumno04.shopenlaces.com.es\/alumno04wp\/?page_id=929","title":{"rendered":"GUANTES ADIDAS PREDATOR PRO HYBRID"},"content":{"rendered":"\n<div class=\"wp-block-stackable-carousel stk-block-carousel stk--is-slide stk--arrows-justify-space-between stk--arrows-align-center stk-block stk-a457e91\" data-slides-to-show=\"\" data-block-id=\"a457e91\"><div class=\"stk-block-carousel__content-wrapper\"><div class=\"stk-row stk-inner-blocks stk-block-content stk-block-carousel__slider-wrapper stk-content-align stk-a457e91-column\"><div class=\"stk-block-carousel__slider\" role=\"list\" data-autoplay=\"4000\" data-label-slide-of=\"Slide %%d of %%d\" tabindex=\"0\">\n<div class=\"wp-block-stackable-column stk-block-column stk-column stk-block stk-afb4464\" data-v=\"4\" data-block-id=\"afb4464\"><div class=\"stk-column-wrapper stk-block-column__content stk-container stk-afb4464-container stk--no-background stk--no-padding\"><div class=\"stk-block-content stk-inner-blocks stk-afb4464-inner-blocks\">\n<figure class=\"wp-block-image aligncenter size-full is-resized\" data-block-type=\"core\"><img loading=\"lazy\" decoding=\"async\" width=\"377\" height=\"286\" src=\"http:\/\/alumno04.shopenlaces.com.es\/alumno04wp\/wp-content\/uploads\/2026\/02\/image-removebg-preview__4_-removebg-preview.png\" alt=\"\" class=\"wp-image-930\" style=\"width:561px;height:auto\" srcset=\"http:\/\/alumno04.shopenlaces.com.es\/alumno04wp\/wp-content\/uploads\/2026\/02\/image-removebg-preview__4_-removebg-preview.png 377w, http:\/\/alumno04.shopenlaces.com.es\/alumno04wp\/wp-content\/uploads\/2026\/02\/image-removebg-preview__4_-removebg-preview-300x228.png 300w\" sizes=\"auto, (max-width: 377px) 100vw, 377px\" \/><\/figure>\n<\/div><\/div><\/div>\n\n\n\n<div class=\"wp-block-stackable-column stk-block-column stk-column stk-block stk-ad17436\" data-v=\"4\" data-block-id=\"ad17436\"><div class=\"stk-column-wrapper stk-block-column__content stk-container stk-ad17436-container stk--no-background stk--no-padding\"><div class=\"stk-block-content stk-inner-blocks stk-ad17436-inner-blocks\">\n<figure class=\"wp-block-image aligncenter size-full\" data-block-type=\"core\"><img loading=\"lazy\" decoding=\"async\" width=\"370\" height=\"575\" src=\"http:\/\/alumno04.shopenlaces.com.es\/alumno04wp\/wp-content\/uploads\/2026\/02\/image-removebg-preview-21.png\" alt=\"\" class=\"wp-image-931\" srcset=\"http:\/\/alumno04.shopenlaces.com.es\/alumno04wp\/wp-content\/uploads\/2026\/02\/image-removebg-preview-21.png 370w, http:\/\/alumno04.shopenlaces.com.es\/alumno04wp\/wp-content\/uploads\/2026\/02\/image-removebg-preview-21-193x300.png 193w\" sizes=\"auto, (max-width: 370px) 100vw, 370px\" \/><\/figure>\n<\/div><\/div><\/div>\n\n\n\n<div class=\"wp-block-stackable-column stk-block-column stk-column stk-block stk-dbd1a0d\" data-v=\"4\" data-block-id=\"dbd1a0d\"><div class=\"stk-column-wrapper stk-block-column__content stk-container stk-dbd1a0d-container stk--no-background stk--no-padding\"><div class=\"stk-block-content stk-inner-blocks stk-dbd1a0d-inner-blocks\">\n<figure class=\"wp-block-image aligncenter size-full\" data-block-type=\"core\"><img loading=\"lazy\" decoding=\"async\" width=\"347\" height=\"570\" src=\"http:\/\/alumno04.shopenlaces.com.es\/alumno04wp\/wp-content\/uploads\/2026\/02\/image-removebg-preview-22.png\" alt=\"\" class=\"wp-image-932\" srcset=\"http:\/\/alumno04.shopenlaces.com.es\/alumno04wp\/wp-content\/uploads\/2026\/02\/image-removebg-preview-22.png 347w, http:\/\/alumno04.shopenlaces.com.es\/alumno04wp\/wp-content\/uploads\/2026\/02\/image-removebg-preview-22-183x300.png 183w\" sizes=\"auto, (max-width: 347px) 100vw, 347px\" \/><\/figure>\n<\/div><\/div><\/div>\n<\/div><div class=\"stk-block-carousel__buttons\"><button class=\"stk-block-carousel__button stk-block-carousel__button__prev\" aria-label=\"Previous slide\"><svg aria-hidden=\"true\" focusable=\"false\" data-prefix=\"fas\" data-icon=\"chevron-left\" class=\"svg-inline--fa fa-chevron-left\" xmlns=\"http:\/\/www.w3.org\/2000\/svg\" viewBox=\"0 0 320 512\" width=\"32\" height=\"32\"><path d=\"M34.52 239.03L228.87 44.69c9.37-9.37 24.57-9.37 33.94 0l22.67 22.67c9.36 9.36 9.37 24.52.04 33.9L131.49 256l154.02 154.75c9.34 9.38 9.32 24.54-.04 33.9l-22.67 22.67c-9.37 9.37-24.57 9.37-33.94 0L34.52 272.97c-9.37-9.37-9.37-24.57 0-33.94z\"><\/path><\/svg><\/button><button class=\"stk-block-carousel__button stk-block-carousel__button__next\" aria-label=\"Next slide\"><svg aria-hidden=\"true\" focusable=\"false\" data-prefix=\"fas\" data-icon=\"chevron-right\" class=\"svg-inline--fa fa-chevron-right\" xmlns=\"http:\/\/www.w3.org\/2000\/svg\" viewBox=\"0 0 320 512\" width=\"32\" height=\"32\"><path d=\"M285.476 272.971L91.132 467.314c-9.373 9.373-24.569 9.373-33.941 0l-22.667-22.667c-9.357-9.357-9.375-24.522-.04-33.901L188.505 256 34.484 101.255c-9.335-9.379-9.317-24.544.04-33.901l22.667-22.667c9.373-9.373 24.569-9.373 33.941 0L285.475 239.03c9.373 9.372 9.373 24.568.001 33.941z\"><\/path><\/svg><\/button><\/div><\/div><div class=\"stk-block-carousel__dots\" role=\"list\" data-label=\"Slide %%d\"><\/div><\/div><\/div>\n\n\n\n<div class=\"wp-block-stackable-text stk-block-text stk-block stk-fa08c0f\" data-block-id=\"fa08c0f\"><p class=\"stk-block-text__text\">Guantes de portero&nbsp;Predator Pro Hybrid de adidas. Guantes para adulto montados en corte negativo en color white-lucid red-black.<\/p><\/div>\n\n\n\n<p data-block-type=\"core\">En el fragor del partido, cuando cada parada cuenta, los guantes de portero del pack Born For Goals de adidas son tus compa\u00f1eros infatigables. Han sido creados con ingenier\u00eda de vanguardia para apoyar tu rendimiento en el campo de juego y est\u00e1n inspirados en el incre\u00edble legado futbol\u00edstico de adidas<\/p>\n\n\n\n<p data-block-type=\"core\"><\/p>\n","protected":false},"excerpt":{"rendered":"<p>Guantes de portero&nbsp;Predator Pro Hybrid de adidas. Guantes para adulto montados en corte negativo en color white-lucid red-black. En el fragor del partido, cuando cada parada cuenta, los guantes de portero del pack Born For Goals de adidas son tus compa\u00f1eros infatigables. Han sido creados con ingenier\u00eda de vanguardia para apoyar tu rendimiento en el [&hellip;]<\/p>\n","protected":false},"author":1,"featured_media":0,"parent":0,"menu_order":0,"comment_status":"closed","ping_status":"closed","template":"","meta":{"footnotes":""},"class_list":["post-929","page","type-page","status-publish","hentry"],"blocksy_meta":[],"_links":{"self":[{"href":"http:\/\/alumno04.shopenlaces.com.es\/alumno04wp\/index.php?rest_route=\/wp\/v2\/pages\/929","targetHints":{"allow":["GET"]}}],"collection":[{"href":"http:\/\/alumno04.shopenlaces.com.es\/alumno04wp\/index.php?rest_route=\/wp\/v2\/pages"}],"about":[{"href":"http:\/\/alumno04.shopenlaces.com.es\/alumno04wp\/index.php?rest_route=\/wp\/v2\/types\/page"}],"author":[{"embeddable":true,"href":"http:\/\/alumno04.shopenlaces.com.es\/alumno04wp\/index.php?rest_route=\/wp\/v2\/users\/1"}],"replies":[{"embeddable":true,"href":"http:\/\/alumno04.shopenlaces.com.es\/alumno04wp\/index.php?rest_route=%2Fwp%2Fv2%2Fcomments&post=929"}],"version-history":[{"count":1,"href":"http:\/\/alumno04.shopenlaces.com.es\/alumno04wp\/index.php?rest_route=\/wp\/v2\/pages\/929\/revisions"}],"predecessor-version":[{"id":933,"href":"http:\/\/alumno04.shopenlaces.com.es\/alumno04wp\/index.php?rest_route=\/wp\/v2\/pages\/929\/revisions\/933"}],"wp:attachment":[{"href":"http:\/\/alumno04.shopenlaces.com.es\/alumno04wp\/index.php?rest_route=%2Fwp%2Fv2%2Fmedia&parent=929"}],"curies":[{"name":"wp","href":"https:\/\/api.w.org\/{rel}","templated":true}]}}