{"id":973,"date":"2026-02-13T20:39:39","date_gmt":"2026-02-13T19:39:39","guid":{"rendered":"http:\/\/alumno04.shopenlaces.com.es\/alumno04wp\/?page_id=973"},"modified":"2026-02-13T20:39:39","modified_gmt":"2026-02-13T19:39:39","slug":"botas-adidas-predator-mania-gunmetal","status":"publish","type":"page","link":"http:\/\/alumno04.shopenlaces.com.es\/alumno04wp\/?page_id=973","title":{"rendered":"BOTAS ADIDAS PREDATOR MANIA GUNMETAL"},"content":{"rendered":"\n<div class=\"wp-block-stackable-carousel stk-block-carousel stk--is-slide stk--arrows-justify-space-between stk--arrows-align-center stk-block stk-35e555c\" data-slides-to-show=\"\" data-block-id=\"35e555c\"><div class=\"stk-block-carousel__content-wrapper\"><div class=\"stk-row stk-inner-blocks stk-block-content stk-block-carousel__slider-wrapper stk-content-align stk-35e555c-column\"><div class=\"stk-block-carousel__slider\" role=\"list\" data-autoplay=\"4000\" data-label-slide-of=\"Slide %%d of %%d\" tabindex=\"0\">\n<div class=\"wp-block-stackable-column stk-block-column stk-column stk-block stk-1aac647\" data-v=\"4\" data-block-id=\"1aac647\"><div class=\"stk-column-wrapper stk-block-column__content stk-container stk-1aac647-container stk--no-background stk--no-padding\"><div class=\"stk-block-content stk-inner-blocks stk-1aac647-inner-blocks\">\n<figure class=\"wp-block-image aligncenter size-full\" data-block-type=\"core\"><img loading=\"lazy\" decoding=\"async\" width=\"614\" height=\"406\" src=\"http:\/\/alumno04.shopenlaces.com.es\/alumno04wp\/wp-content\/uploads\/2026\/02\/image-removebg-preview.png\" alt=\"\" class=\"wp-image-957\" srcset=\"http:\/\/alumno04.shopenlaces.com.es\/alumno04wp\/wp-content\/uploads\/2026\/02\/image-removebg-preview.png 614w, http:\/\/alumno04.shopenlaces.com.es\/alumno04wp\/wp-content\/uploads\/2026\/02\/image-removebg-preview-300x198.png 300w, http:\/\/alumno04.shopenlaces.com.es\/alumno04wp\/wp-content\/uploads\/2026\/02\/image-removebg-preview-500x331.png 500w, http:\/\/alumno04.shopenlaces.com.es\/alumno04wp\/wp-content\/uploads\/2026\/02\/image-removebg-preview-600x397.png 600w\" sizes=\"auto, (max-width: 614px) 100vw, 614px\" \/><\/figure>\n<\/div><\/div><\/div>\n\n\n\n<div class=\"wp-block-stackable-column stk-block-column stk-column stk-block stk-447577b\" data-v=\"4\" data-block-id=\"447577b\"><div class=\"stk-column-wrapper stk-block-column__content stk-container stk-447577b-container stk--no-background stk--no-padding\"><div class=\"stk-block-content stk-inner-blocks stk-447577b-inner-blocks\">\n<figure class=\"wp-block-image aligncenter size-full\" data-block-type=\"core\"><img loading=\"lazy\" decoding=\"async\" width=\"586\" height=\"426\" src=\"http:\/\/alumno04.shopenlaces.com.es\/alumno04wp\/wp-content\/uploads\/2026\/02\/image-removebg-preview-28.png\" alt=\"\" class=\"wp-image-975\" srcset=\"http:\/\/alumno04.shopenlaces.com.es\/alumno04wp\/wp-content\/uploads\/2026\/02\/image-removebg-preview-28.png 586w, http:\/\/alumno04.shopenlaces.com.es\/alumno04wp\/wp-content\/uploads\/2026\/02\/image-removebg-preview-28-300x218.png 300w, http:\/\/alumno04.shopenlaces.com.es\/alumno04wp\/wp-content\/uploads\/2026\/02\/image-removebg-preview-28-500x363.png 500w\" sizes=\"auto, (max-width: 586px) 100vw, 586px\" \/><\/figure>\n<\/div><\/div><\/div>\n\n\n\n<div class=\"wp-block-stackable-column stk-block-column stk-column stk-block stk-c108adc\" data-v=\"4\" data-block-id=\"c108adc\"><div class=\"stk-column-wrapper stk-block-column__content stk-container stk-c108adc-container stk--no-background stk--no-padding\"><div class=\"stk-block-content stk-inner-blocks stk-c108adc-inner-blocks\">\n<figure class=\"wp-block-image aligncenter size-full\" data-block-type=\"core\"><img loading=\"lazy\" decoding=\"async\" width=\"603\" height=\"414\" src=\"http:\/\/alumno04.shopenlaces.com.es\/alumno04wp\/wp-content\/uploads\/2026\/02\/image-removebg-preview-29.png\" alt=\"\" class=\"wp-image-976\" srcset=\"http:\/\/alumno04.shopenlaces.com.es\/alumno04wp\/wp-content\/uploads\/2026\/02\/image-removebg-preview-29.png 603w, http:\/\/alumno04.shopenlaces.com.es\/alumno04wp\/wp-content\/uploads\/2026\/02\/image-removebg-preview-29-300x206.png 300w, http:\/\/alumno04.shopenlaces.com.es\/alumno04wp\/wp-content\/uploads\/2026\/02\/image-removebg-preview-29-500x343.png 500w, http:\/\/alumno04.shopenlaces.com.es\/alumno04wp\/wp-content\/uploads\/2026\/02\/image-removebg-preview-29-600x412.png 600w\" sizes=\"auto, (max-width: 603px) 100vw, 603px\" \/><\/figure>\n<\/div><\/div><\/div>\n<\/div><div class=\"stk-block-carousel__buttons\"><button class=\"stk-block-carousel__button stk-block-carousel__button__prev\" aria-label=\"Previous slide\"><svg aria-hidden=\"true\" focusable=\"false\" data-prefix=\"fas\" data-icon=\"chevron-left\" class=\"svg-inline--fa fa-chevron-left\" xmlns=\"http:\/\/www.w3.org\/2000\/svg\" viewBox=\"0 0 320 512\" width=\"32\" height=\"32\"><path d=\"M34.52 239.03L228.87 44.69c9.37-9.37 24.57-9.37 33.94 0l22.67 22.67c9.36 9.36 9.37 24.52.04 33.9L131.49 256l154.02 154.75c9.34 9.38 9.32 24.54-.04 33.9l-22.67 22.67c-9.37 9.37-24.57 9.37-33.94 0L34.52 272.97c-9.37-9.37-9.37-24.57 0-33.94z\"><\/path><\/svg><\/button><button class=\"stk-block-carousel__button stk-block-carousel__button__next\" aria-label=\"Next slide\"><svg aria-hidden=\"true\" focusable=\"false\" data-prefix=\"fas\" data-icon=\"chevron-right\" class=\"svg-inline--fa fa-chevron-right\" xmlns=\"http:\/\/www.w3.org\/2000\/svg\" viewBox=\"0 0 320 512\" width=\"32\" height=\"32\"><path d=\"M285.476 272.971L91.132 467.314c-9.373 9.373-24.569 9.373-33.941 0l-22.667-22.667c-9.357-9.357-9.375-24.522-.04-33.901L188.505 256 34.484 101.255c-9.335-9.379-9.317-24.544.04-33.901l22.667-22.667c9.373-9.373 24.569-9.373 33.941 0L285.475 239.03c9.373 9.372 9.373 24.568.001 33.941z\"><\/path><\/svg><\/button><\/div><\/div><div class=\"stk-block-carousel__dots\" role=\"list\" data-label=\"Slide %%d\"><\/div><\/div><\/div>\n\n\n\n<p data-block-type=\"core\">Adidas presenta las Predator Mania Gunmetal, una reedici\u00f3n ic\u00f3nica que une la m\u00edstica del f\u00fatbol cl\u00e1sico con una est\u00e9tica futurista. Inspiradas en las legendarias Predator Mania de 2002, esta versi\u00f3n regresa con su silueta inconfundible, ahora envuelta en un elegante acabado gunmetal que combina sofisticaci\u00f3n, potencia y modernidad.&nbsp;Las Predator Mania Gunmetal no son solo un lanzamiento: son un tributo a una era dorada del f\u00fatbol, reinterpretadas para quienes buscan rendimiento, personalidad y un toque de leyenda en cada paso<\/p>\n","protected":false},"excerpt":{"rendered":"<p>Adidas presenta las Predator Mania Gunmetal, una reedici\u00f3n ic\u00f3nica que une la m\u00edstica del f\u00fatbol cl\u00e1sico con una est\u00e9tica futurista. Inspiradas en las legendarias Predator Mania de 2002, esta versi\u00f3n regresa con su silueta inconfundible, ahora envuelta en un elegante acabado gunmetal que combina sofisticaci\u00f3n, potencia y modernidad.&nbsp;Las Predator Mania Gunmetal no son solo un [&hellip;]<\/p>\n","protected":false},"author":1,"featured_media":0,"parent":0,"menu_order":0,"comment_status":"closed","ping_status":"closed","template":"","meta":{"footnotes":""},"class_list":["post-973","page","type-page","status-publish","hentry"],"blocksy_meta":[],"_links":{"self":[{"href":"http:\/\/alumno04.shopenlaces.com.es\/alumno04wp\/index.php?rest_route=\/wp\/v2\/pages\/973","targetHints":{"allow":["GET"]}}],"collection":[{"href":"http:\/\/alumno04.shopenlaces.com.es\/alumno04wp\/index.php?rest_route=\/wp\/v2\/pages"}],"about":[{"href":"http:\/\/alumno04.shopenlaces.com.es\/alumno04wp\/index.php?rest_route=\/wp\/v2\/types\/page"}],"author":[{"embeddable":true,"href":"http:\/\/alumno04.shopenlaces.com.es\/alumno04wp\/index.php?rest_route=\/wp\/v2\/users\/1"}],"replies":[{"embeddable":true,"href":"http:\/\/alumno04.shopenlaces.com.es\/alumno04wp\/index.php?rest_route=%2Fwp%2Fv2%2Fcomments&post=973"}],"version-history":[{"count":1,"href":"http:\/\/alumno04.shopenlaces.com.es\/alumno04wp\/index.php?rest_route=\/wp\/v2\/pages\/973\/revisions"}],"predecessor-version":[{"id":977,"href":"http:\/\/alumno04.shopenlaces.com.es\/alumno04wp\/index.php?rest_route=\/wp\/v2\/pages\/973\/revisions\/977"}],"wp:attachment":[{"href":"http:\/\/alumno04.shopenlaces.com.es\/alumno04wp\/index.php?rest_route=%2Fwp%2Fv2%2Fmedia&parent=973"}],"curies":[{"name":"wp","href":"https:\/\/api.w.org\/{rel}","templated":true}]}}